{"id":1249,"date":"2016-02-12T08:09:36","date_gmt":"2016-02-12T08:09:36","guid":{"rendered":"http:\/\/demos.famethemes.com\/onepress-oneify\/?page_id=17"},"modified":"2024-09-20T15:40:34","modified_gmt":"2024-09-20T13:40:34","slug":"our-history","status":"publish","type":"page","link":"https:\/\/fanfaredemainvault.be\/index.php\/our-history\/","title":{"rendered":"Notre histoire"},"content":{"rendered":"\n<p class=\"has-medium-font-size\">La fanfare Royale Sainte-C\u00e9cile de Mainvault naquit officiellement en 1888. N\u00e9anmoins, accroch\u00e9es \u00e0 son drapeau, diverses m\u00e9dailles comm\u00e9morent des prestations ant\u00e9rieures dans des communes voisines.<\/p>\n\n\n\n<p class=\"has-medium-font-size\">Parmi les plus anciens de ces troph\u00e9es, nous retrouvons notamment :<\/p>\n\n\n\n<ul class=\"wp-block-list\">\n<li class=\"has-medium-font-size\">&#8211; Le 4 juillet 1869 : Festival de la ville d&rsquo;Enghien<\/li>\n\n\n\n<li class=\"has-medium-font-size\">&#8211; Le 14 juillet 1872 : Festival de la ville de Gand<\/li>\n<\/ul>\n\n\n\n<figure class=\"wp-block-gallery alignwide has-nested-images columns-default is-cropped wp-block-gallery-1 is-layout-flex wp-block-gallery-is-layout-flex\">\n<figure class=\"wp-block-image size-large\"><img decoding=\"async\" src=\"https:\/\/fanfaredemainvault.be\/wp-content\/uploads\/2024\/09\/photo1.jpg\" alt=\"\"\/><\/figure>\n\n\n\n<figure class=\"wp-block-image size-large\"><img decoding=\"async\" src=\"https:\/\/fanfaredemainvault.be\/wp-content\/uploads\/2024\/09\/photo2.jpg\" alt=\"\"\/><\/figure>\n<\/figure>\n\n\n\n<p>&nbsp;<\/p>\n\n\n\n<p class=\"has-medium-font-size\">En 1888, La fanfare de Mainvault dispose d&rsquo;un tel potentiel de musiciens et de sympathisants qu&rsquo;elle peut se permettre de se scinder suivant les affinit\u00e9s respectives de ses membres.<\/p>\n\n\n\n<p class=\"has-medium-font-size\">Deux nouvelles soci\u00e9t\u00e9s naissent :<\/p>\n\n\n\n<ul class=\"wp-block-list\">\n<li class=\"has-medium-font-size\">Les amis du progr\u00e8s (\u00ab\u00a0La Musique Catholique\u00a0\u00bb) et<\/li>\n\n\n\n<li class=\"has-medium-font-size\">La fanfare l&rsquo;Union (\u00ab\u00a0La musique Neutre\u00a0\u00bb).<\/li>\n<\/ul>\n\n\n\n<p class=\"has-medium-font-size\">Il est clair que cette scission est en fait un divorce et que les nouvelles deux fanfares ne s&rsquo;entendent gu\u00e8re, et m\u00eame&#8230; se boudent lors de l&rsquo;organisation de festivit\u00e9s locales.<\/p>\n\n\n\n<div class=\"wp-block-media-text is-stacked-on-mobile\"><figure class=\"wp-block-media-text__media\"><img loading=\"lazy\" decoding=\"async\" width=\"278\" height=\"178\" src=\"https:\/\/fanfaredemainvault.be\/wp-content\/uploads\/2024\/09\/photo3.jpg\" alt=\"\" class=\"wp-image-1810 size-full\"\/><\/figure><div class=\"wp-block-media-text__content\">\n<p class=\"has-medium-font-size\">Apr\u00e8s la guerre de 1914 &#8211; 1918, les relations entre les deux fanfares s&rsquo;am\u00e9liorent nettement et le 9 mai 1924, la fanfare \u00ab\u00a0L&rsquo;Union\u00a0\u00bb invite cordialement les \u00ab\u00a0Amis de Progr\u00e8s\u00a0\u00bb \u00e0 participer \u00e0 leur f\u00eate de kermesse.<\/p>\n<\/div><\/div>\n\n\n\n<div class=\"wp-block-media-text has-media-on-the-right is-stacked-on-mobile\"><div class=\"wp-block-media-text__content\">\n<p class=\"has-medium-font-size\">Dans les ann\u00e9es &rsquo;30, les fanfares Mainvaultoises prosp\u00e8rent et fraternisent. Chaque ann\u00e9e, on les voit notamment f\u00eater P\u00e2ques ensemble au calvaire du Mont de Mainvault, noir de monde.<\/p>\n<\/div><figure class=\"wp-block-media-text__media\"><img loading=\"lazy\" decoding=\"async\" width=\"300\" height=\"150\" src=\"https:\/\/fanfaredemainvault.be\/wp-content\/uploads\/2024\/09\/photo4.jpg\" alt=\"\" class=\"wp-image-1811 size-full\"\/><\/figure><\/div>\n\n\n\n<p class=\"has-medium-font-size\">L&rsquo;\u00e9panouissement des deux fanfares sera an\u00e9anti par la trag\u00e9die de 40-45. Les listes de d\u00e9port\u00e9s, prisonniers et disparus s&rsquo;allongent et les fanfares se taisent.<br><\/p>\n\n\n\n<p class=\"has-medium-font-size\">Apr\u00e8s l&rsquo;Armistice de 1945, les Mainvaultois pansent leurs plaies et voient leur commune sous un autre jour. Le 15 juin 1945, les deux fanfares fusionnent pour faire rena\u00eetre la seule et unique fanfare Sainte-C\u00e9cile de Mainvault.<\/p>\n\n\n\n<p class=\"has-medium-font-size\">En 1985, La fanfare de Mainvault fusionne avec celle de Bouvignies, cr\u00e9e en 1879. Les 2 fanfares comprenaient effectivement principalement les m\u00eame musiciens.<\/p>\n\n\n\n<p class=\"has-medium-font-size\">En 1988 la soci\u00e9t\u00e9 compte 47 membres et organise, pour son centenaire, un festival musical relev\u00e9 par les prestations de quatre fanfares invit\u00e9es.<\/p>\n\n\n\n<p class=\"has-medium-font-size\">En 1997 les jeunes clament le droit \u00e0 la parole et l&rsquo;obtiennent. Il en d\u00e9coule un changement du comit\u00e9 et une implication plus active de la jeunesse de notre soci\u00e9t\u00e9.<\/p>\n\n\n\n<p class=\"has-medium-font-size\">En septembre 1998, les membres de la soci\u00e9t\u00e9 et le nouveau comit\u00e9 font preuve de dynamisme et d&rsquo;id\u00e9es nouvelles en organisant, \u00e0 l&rsquo;occasion du 110\u00e8me anniversaire, trois jours de festivit\u00e9s.<br>Festival musical du Pays Vert, karaok\u00e9, animations diverses et enfantines et la d\u00e9sormais traditionnelle \u00ab\u00a0Marche de l&rsquo;Horreur\u00a0\u00bb (2\u00e8me samedi d&rsquo;octobre des ann\u00e9es paires) ont d\u00e9montr\u00e9 la d\u00e9termination des membres \u00e0 vouloir porter tr\u00e8s haut les couleurs de leur fanfare.<\/p>\n\n\n\n<p class=\"has-medium-font-size\">Actuellement, la Royale Fanfare Sainte-C\u00e9cile de Mainvault compte 65 membres pour une moyenne d&rsquo;\u00e2ge d&rsquo;environ 40 ans.<\/p>\n\n\n\n<p class=\"has-medium-font-size\">Elle est pr\u00e9sid\u00e9e par Philippe Craeye et \u00e9tait dirig\u00e9e, depuis mai 1988, par Bernadette Delm\u00e9e. Depuis mai 2023, la direction musicale est assur\u00e9e par Marie Craeye.<\/p>\n","protected":false},"excerpt":{"rendered":"<p>La fanfare Royale Sainte-C\u00e9cile de Mainvault naquit officiellement en 1888.<\/p>\n<p>Actuellement, la Royale Fanfare Sainte-C\u00e9cile de Mainvault compte 65 membres pour une moyenne d&rsquo;\u00e2ge d&rsquo;environ 35 ans. Elle est pr\u00e9sid\u00e9e par Philippe Craeye et \u00e9tait dirig\u00e9e, depuis mai 1988, par Bernadette Delm\u00e9e.<\/p>\n<p>Depuis mai 2023, la direction musicale est assur\u00e9e par Marie Craeye.<\/p>\n","protected":false},"author":1,"featured_media":18,"parent":0,"menu_order":0,"comment_status":"closed","ping_status":"closed","template":"template-fullwidth.php","meta":{"footnotes":""},"class_list":["post-1249","page","type-page","status-publish","has-post-thumbnail","hentry"],"_links":{"self":[{"href":"https:\/\/fanfaredemainvault.be\/index.php\/wp-json\/wp\/v2\/pages\/1249","targetHints":{"allow":["GET"]}}],"collection":[{"href":"https:\/\/fanfaredemainvault.be\/index.php\/wp-json\/wp\/v2\/pages"}],"about":[{"href":"https:\/\/fanfaredemainvault.be\/index.php\/wp-json\/wp\/v2\/types\/page"}],"author":[{"embeddable":true,"href":"https:\/\/fanfaredemainvault.be\/index.php\/wp-json\/wp\/v2\/users\/1"}],"replies":[{"embeddable":true,"href":"https:\/\/fanfaredemainvault.be\/index.php\/wp-json\/wp\/v2\/comments?post=1249"}],"version-history":[{"count":3,"href":"https:\/\/fanfaredemainvault.be\/index.php\/wp-json\/wp\/v2\/pages\/1249\/revisions"}],"predecessor-version":[{"id":1890,"href":"https:\/\/fanfaredemainvault.be\/index.php\/wp-json\/wp\/v2\/pages\/1249\/revisions\/1890"}],"wp:featuredmedia":[{"embeddable":true,"href":"https:\/\/fanfaredemainvault.be\/index.php\/wp-json\/wp\/v2\/blocks\/18"}],"wp:attachment":[{"href":"https:\/\/fanfaredemainvault.be\/index.php\/wp-json\/wp\/v2\/media?parent=1249"}],"curies":[{"name":"wp","href":"https:\/\/api.w.org\/{rel}","templated":true}]}}