{"id":1445,"date":"2024-02-16T10:36:39","date_gmt":"2024-02-16T10:36:39","guid":{"rendered":"http:\/\/fanfaredemainvault.local\/?page_id=1445"},"modified":"2026-02-16T09:46:56","modified_gmt":"2026-02-16T08:46:56","slug":"marche-de-lhorreur","status":"publish","type":"page","link":"https:\/\/fanfaredemainvault.be\/index.php\/marche-de-lhorreur\/","title":{"rendered":"Marche de l&rsquo;Horreur"},"content":{"rendered":"\n<p>La Fanfare Royale Sainte-C\u00e9cile de Bouvignies-Mainvault organise une marche de l&rsquo;horreur tous les deux ans (ann\u00e9es paires). Celle-ci se d\u00e9roule le deuxi\u00e8me samedi du mois d&rsquo;octobre.<\/p>\n\n\n\n<p>Pour cette l&rsquo;occasion, des monstres plus terrifiants les uns que les autres se r\u00e9unissent dans les bois du Mont de Mainvault. Vous \u00eates invit\u00e9 \u00e0 vous y aventurer&#8230; <strong>\u00e0 vos risques et p\u00e9rils<\/strong> !<\/p>\n\n\n\n<p><code>\n\t\t<style>\n\t\t\t@import url(https:\/\/fonts.googleapis.com\/css?family=Griffy);\n\t\t\t#hcount{\n\t\t\t\tmax-width:600px;font-family:\"Griffy\",georgia,serif;font-size:20px;color:#f57f00;text-align:center;line-height:normal;padding:5%;margin:30px auto;background:#000\n\t\t\t}\n\t\t\t#hcount .time{\n\t\t\t\tdisplay:inline-block;font-size:40px\n\t\t\t}\n\t\t\t#hcount.here{\n\t\t\t\t\/* background-color:#f57f00;background:linear-gradient(-45deg, #883ce7, #f57f00, #f6952c, #40d523);background-size:400% 400%;animation:hgradient 15s ease infinite*\/\n\t\t\t\tfont-family:\"halloween\",\"Griffy\",georgia,serif;\n\t\t\t}\n\t\t\t@keyframes hgradient{\n\t\t\t\t0%{background-position:0% 50%}50%{background-position:100% 50%;}100%{background-position:0% 50%}\n\t\t\t}\n\t\t\t#hcount .happy-halloween{\n\t\t\t\tcolor: #111111;\n\t\t\t\tanimation:flicker 4s 0s infinite;\n\t\t\t} \n\t\t\t@keyframes hfade{\n\t\t\t\t0%{font-size:0;opacity:0}70%{font-size:50px;opacity:1}80%{font-size:40px}90%{font-size:45px}100%{font-size:40px}\n\t\t\t}\n\t\t\t@keyframes flicker{\n\t\t\t\t0%, 6%, 12% {\n\t\t\t\t\ttext-shadow: none;\n\t\t\t\t\tcolor: #111111;\n\t\t\t\t}\n\t\t\t\t3%, 9% {\n\t\t\t\t\ttext-shadow: 0 0 8px rgba(#f57f00,0.6);\n\t\t\t\t\tcolor: #f57f00;\n\t\t\t\t}\n\t\t\t\t60% {\n\t\t\t\t\ttext-shadow: 0 0 8px rgba(#f57f00,0.6),\n\t\t\t\t\t0 0 16px rgba(#f57f00,0.4), \n\t\t\t\t\t0 0 20px rgba(255,0,84,0.2), \n\t\t\t\t\t0 0 22px rgba(255,0,84,0.1);\n\t\t\t\t\tcolor: #f57f00;\n\t\t\t\t}\n\t\t\t\t100% {\n\t\t\t\t\ttext-shadow: 0 0 8px rgba(#f57f00,0.6),\n\t\t\t\t\t0 0 16px rgba(#f57f00,0.4), \n\t\t\t\t\t0 0 20px rgba(255,0,84,0.2), \n\t\t\t\t\t0 0 22px rgba(255,0,84,0.1);\n\t\t\t\t\tcolor: #f57f00;\n\t\t\t\t}\n\t\t\t}\n\t\t<\/style>\n\t\t<div id=\"hcount\"><\/div>\n\t\t<script>var countDownDate=new Date(\"Oct 10, 2026 00:00:00\").getTime();var x=setInterval(function(){var now=new Date().getTime();var distance=countDownDate-now;var days=Math.floor(distance\/(1000*60*60*24));var hours=Math.floor((distance%(1000*60*60*24))\/(1000*60*60));var minutes=Math.floor((distance%(1000*60*60))\/(1000*60));var seconds=Math.floor((distance%(1000*60))\/1000);document.getElementById(\"hcount\").innerHTML=\"<span class=\\\"time days\\\">\"+days+\"<\/span><span class=\\\"duration days\\\">Jours<\/span> <span class=\\\"time hours\\\">\"+hours+\"<\/span><span class=\\\"duration hours\\\">Heures<\/span> <span class=\\\"time minutes\\\">\"+minutes+\"<\/span><span class=\\\"duration minutes\\\">Minutes<\/span> <span class=\\\"time seconds\\\">\"+seconds+\"<\/span><span class=\\\"duration seconds\\\">Seconds<\/span><br \/><span class=\\\"duration until\\\">avant<\/span> <span class=\\\"time halloween\\\">Notre marche<\/span>\";if(distance<0){clearInterval(x);var d=document.getElementById(\"hcount\");d.className+=\"here\";document.getElementById(\"hcount\").innerHTML=\"<span class=\\\"time happy-halloween\\\">Horror Time!<\/span>\"}},1000);<\/script>\n\t<\/code><\/p>\n\n\n\n<figure class=\"wp-block-table halloween-table\"><table><tbody><tr><td>Quand <\/td><td>Le samedi <strong>10 octobre 2026<\/strong> :<br>D\u00e9parts de 19h30 \u00e0 22h.<\/td><\/tr><tr><td>O\u00f9 <\/td><td><strong>D\u00e9part :<\/strong> Au carrefour Rue du mont \u2013 Chemin du Calvaire<\/td><\/tr><tr><td>Parking <\/td><td><strong>Interdit le long de la Route de Frasnes (N528)<\/strong><br>Parking le long de la rue du mont<br>Parking le long de la chauss\u00e9e Brunehault<br><strong>Ces 2 rues seront mises en sens unique<\/strong><\/td><\/tr><tr><td>P.A.F. <\/td><td>10.00 \u20ac par personne<\/td><\/tr><tr><td>Distance<\/td><td>Environ <strong>6 kilom\u00e8tres<\/strong><\/td><\/tr><tr><td>Plus d&rsquo;informations <\/td><td>Pour toute autre question, contactez-nous :<br>Par mail : <a href=\"mailto:fanfaredemainvault@skynet.be\">fanfaredemainvault@gmail.com<\/a><\/td><\/tr><\/tbody><\/table><\/figure>\n\n\n<div class=\"wp-block-image\">\n<figure data-wp-context=\"{&quot;imageId&quot;:&quot;69f5ce58d7d14&quot;}\" data-wp-interactive=\"core\/image\" data-wp-key=\"69f5ce58d7d14\" class=\"aligncenter size-full wp-lightbox-container\"><img loading=\"lazy\" decoding=\"async\" width=\"909\" height=\"1010\" data-wp-class--hide=\"state.isContentHidden\" data-wp-class--show=\"state.isContentVisible\" data-wp-init=\"callbacks.setButtonStyles\" data-wp-on--click=\"actions.showLightbox\" data-wp-on--load=\"callbacks.setButtonStyles\" data-wp-on-window--resize=\"callbacks.setButtonStyles\" src=\"https:\/\/fanfaredemainvault.be\/wp-content\/uploads\/2024\/09\/SignalisationHorreurMainvault2024-site.png\" alt=\"\" class=\"wp-image-1907\" srcset=\"https:\/\/fanfaredemainvault.be\/wp-content\/uploads\/2024\/09\/SignalisationHorreurMainvault2024-site.png 909w, https:\/\/fanfaredemainvault.be\/wp-content\/uploads\/2024\/09\/SignalisationHorreurMainvault2024-site-270x300.png 270w, https:\/\/fanfaredemainvault.be\/wp-content\/uploads\/2024\/09\/SignalisationHorreurMainvault2024-site-768x853.png 768w\" sizes=\"auto, (max-width: 909px) 100vw, 909px\" \/><button\n\t\t\tclass=\"lightbox-trigger\"\n\t\t\ttype=\"button\"\n\t\t\taria-haspopup=\"dialog\"\n\t\t\taria-label=\"Agrandir\"\n\t\t\tdata-wp-init=\"callbacks.initTriggerButton\"\n\t\t\tdata-wp-on--click=\"actions.showLightbox\"\n\t\t\tdata-wp-style--right=\"state.imageButtonRight\"\n\t\t\tdata-wp-style--top=\"state.imageButtonTop\"\n\t\t>\n\t\t\t<svg xmlns=\"http:\/\/www.w3.org\/2000\/svg\" width=\"12\" height=\"12\" fill=\"none\" viewBox=\"0 0 12 12\">\n\t\t\t\t<path fill=\"#fff\" d=\"M2 0a2 2 0 0 0-2 2v2h1.5V2a.5.5 0 0 1 .5-.5h2V0H2Zm2 10.5H2a.5.5 0 0 1-.5-.5V8H0v2a2 2 0 0 0 2 2h2v-1.5ZM8 12v-1.5h2a.5.5 0 0 0 .5-.5V8H12v2a2 2 0 0 1-2 2H8Zm2-12a2 2 0 0 1 2 2v2h-1.5V2a.5.5 0 0 0-.5-.5H8V0h2Z\" \/>\n\t\t\t<\/svg>\n\t\t<\/button><\/figure>\n<\/div>\n\n<div class=\"wp-block-image\">\n<figure class=\"alignright size-full is-resized\"><img loading=\"lazy\" decoding=\"async\" width=\"150\" height=\"156\" src=\"https:\/\/fanfaredemainvault.be\/wp-content\/uploads\/2024\/09\/pumpkin-smoke-new.gif\" alt=\"\" class=\"wp-image-1819\" style=\"width:347px;height:auto\"\/><\/figure>\n<\/div>\n\n\n<h2 class=\"wp-block-heading halloween\">Les interdits <\/h2>\n\n\n\n<ul class=\"wp-block-list\">\n<li><strong>Attention<\/strong> : Sur ordre de police, il est interdit de se garer le long de la Route de Frasnes (N528)<br>Afin de garantir la s\u00e9curit\u00e9 des marcheurs, la police enl\u00e8vera les v\u00e9hicules stationn\u00e9s en lieu interdit.<br><strong>Des parkings seront mis \u00e0 votre disposition et indiqu\u00e9s.<\/strong><br>Parking le long de la rue du mont<br>Parking le long de la chauss\u00e9e Brunehault<br><strong>Ces 2 rues seront mises en sens unique<\/strong><\/li>\n\n\n\n<li>L&rsquo;usage de p\u00e9tards est strictement interdit.<\/li>\n\n\n\n<li>Pas de chiens en libert\u00e9. Les chiens sont admis mais tenus en laisse.<\/li>\n\n\n\n<li>Afin que tout le monde puisse profiter du spectacle, ne touchez pas et n&#8217;emportez pas le mat\u00e9riel (flambeaux, signalisation, d\u00e9coration,&#8230;).<\/li>\n<\/ul>\n\n\n\n<h2 class=\"wp-block-heading halloween\">Les conseils pratiques<\/h2>\n\n\n\n<ul class=\"wp-block-list\">\n<li>Pr\u00e9voyez de bonnes chaussures ou des bottes.<br>Le parcours emprunte des routes asphalt\u00e9es mais aussi des chemins de terre (non accessibles aux PMR et poussettes).<\/li>\n\n\n\n<li>Par temps de pluie, pr\u00e9voyez un K-way et un bon pull si le temps est frais.<\/li>\n\n\n\n<li>Cette activit\u00e9 est ouverte \u00e0 tous, de 0  \u00e0 99 ans.<\/li>\n\n\n\n<li>Toilettes disponibles au d\u00e9part du parcours.<\/li>\n\n\n\n<li>Buvettes au d\u00e9part, sur le parcours et \u00e0 l&rsquo;arriv\u00e9e.<br>Ainsi que petite restauration (hot-dogs, soupe&#8230;).<\/li>\n\n\n\n<li>Les lampes de poche peuvent g\u00e2cher le spectacle.<br>Les lampes sont tol\u00e9r\u00e9es, ,mais risquent de diminuer les effets de surprise.<\/li>\n<\/ul>\n\n\n\n<h2 class=\"wp-block-heading halloween\">Un avant go\u00fbt<\/h2>\n\n\n\n<figure class=\"wp-block-gallery has-nested-images columns-default is-cropped wp-block-gallery-1 is-layout-flex wp-block-gallery-is-layout-flex\">\n<figure data-wp-context=\"{&quot;imageId&quot;:&quot;69f5ce58d83a6&quot;}\" data-wp-interactive=\"core\/image\" data-wp-key=\"69f5ce58d83a6\" class=\"wp-block-image size-large wp-lightbox-container\"><img decoding=\"async\" data-wp-class--hide=\"state.isContentHidden\" data-wp-class--show=\"state.isContentVisible\" data-wp-init=\"callbacks.setButtonStyles\" data-wp-on--click=\"actions.showLightbox\" data-wp-on--load=\"callbacks.setButtonStyles\" data-wp-on-window--resize=\"callbacks.setButtonStyles\" src=\"https:\/\/fanfaredemainvault.be\/wp-content\/uploads\/2024\/09\/Angele23.png\" alt=\"\"\/><button\n\t\t\tclass=\"lightbox-trigger\"\n\t\t\ttype=\"button\"\n\t\t\taria-haspopup=\"dialog\"\n\t\t\taria-label=\"Agrandir\"\n\t\t\tdata-wp-init=\"callbacks.initTriggerButton\"\n\t\t\tdata-wp-on--click=\"actions.showLightbox\"\n\t\t\tdata-wp-style--right=\"state.imageButtonRight\"\n\t\t\tdata-wp-style--top=\"state.imageButtonTop\"\n\t\t>\n\t\t\t<svg xmlns=\"http:\/\/www.w3.org\/2000\/svg\" width=\"12\" height=\"12\" fill=\"none\" viewBox=\"0 0 12 12\">\n\t\t\t\t<path fill=\"#fff\" d=\"M2 0a2 2 0 0 0-2 2v2h1.5V2a.5.5 0 0 1 .5-.5h2V0H2Zm2 10.5H2a.5.5 0 0 1-.5-.5V8H0v2a2 2 0 0 0 2 2h2v-1.5ZM8 12v-1.5h2a.5.5 0 0 0 .5-.5V8H12v2a2 2 0 0 1-2 2H8Zm2-12a2 2 0 0 1 2 2v2h-1.5V2a.5.5 0 0 0-.5-.5H8V0h2Z\" \/>\n\t\t\t<\/svg>\n\t\t<\/button><\/figure>\n\n\n\n<figure data-wp-context=\"{&quot;imageId&quot;:&quot;69f5ce58d84aa&quot;}\" data-wp-interactive=\"core\/image\" data-wp-key=\"69f5ce58d84aa\" class=\"wp-block-image size-large wp-lightbox-container\"><img decoding=\"async\" data-wp-class--hide=\"state.isContentHidden\" data-wp-class--show=\"state.isContentVisible\" data-wp-init=\"callbacks.setButtonStyles\" data-wp-on--click=\"actions.showLightbox\" data-wp-on--load=\"callbacks.setButtonStyles\" data-wp-on-window--resize=\"callbacks.setButtonStyles\" src=\"https:\/\/fanfaredemainvault.be\/wp-content\/uploads\/2024\/09\/Clown06.png\" alt=\"\"\/><button\n\t\t\tclass=\"lightbox-trigger\"\n\t\t\ttype=\"button\"\n\t\t\taria-haspopup=\"dialog\"\n\t\t\taria-label=\"Agrandir\"\n\t\t\tdata-wp-init=\"callbacks.initTriggerButton\"\n\t\t\tdata-wp-on--click=\"actions.showLightbox\"\n\t\t\tdata-wp-style--right=\"state.imageButtonRight\"\n\t\t\tdata-wp-style--top=\"state.imageButtonTop\"\n\t\t>\n\t\t\t<svg xmlns=\"http:\/\/www.w3.org\/2000\/svg\" width=\"12\" height=\"12\" fill=\"none\" viewBox=\"0 0 12 12\">\n\t\t\t\t<path fill=\"#fff\" d=\"M2 0a2 2 0 0 0-2 2v2h1.5V2a.5.5 0 0 1 .5-.5h2V0H2Zm2 10.5H2a.5.5 0 0 1-.5-.5V8H0v2a2 2 0 0 0 2 2h2v-1.5ZM8 12v-1.5h2a.5.5 0 0 0 .5-.5V8H12v2a2 2 0 0 1-2 2H8Zm2-12a2 2 0 0 1 2 2v2h-1.5V2a.5.5 0 0 0-.5-.5H8V0h2Z\" \/>\n\t\t\t<\/svg>\n\t\t<\/button><\/figure>\n\n\n\n<figure data-wp-context=\"{&quot;imageId&quot;:&quot;69f5ce58d858c&quot;}\" data-wp-interactive=\"core\/image\" data-wp-key=\"69f5ce58d858c\" class=\"wp-block-image size-large wp-lightbox-container\"><img decoding=\"async\" data-wp-class--hide=\"state.isContentHidden\" data-wp-class--show=\"state.isContentVisible\" data-wp-init=\"callbacks.setButtonStyles\" data-wp-on--click=\"actions.showLightbox\" data-wp-on--load=\"callbacks.setButtonStyles\" data-wp-on-window--resize=\"callbacks.setButtonStyles\" src=\"https:\/\/fanfaredemainvault.be\/wp-content\/uploads\/2024\/09\/Danse14.png\" alt=\"\"\/><button\n\t\t\tclass=\"lightbox-trigger\"\n\t\t\ttype=\"button\"\n\t\t\taria-haspopup=\"dialog\"\n\t\t\taria-label=\"Agrandir\"\n\t\t\tdata-wp-init=\"callbacks.initTriggerButton\"\n\t\t\tdata-wp-on--click=\"actions.showLightbox\"\n\t\t\tdata-wp-style--right=\"state.imageButtonRight\"\n\t\t\tdata-wp-style--top=\"state.imageButtonTop\"\n\t\t>\n\t\t\t<svg xmlns=\"http:\/\/www.w3.org\/2000\/svg\" width=\"12\" height=\"12\" fill=\"none\" viewBox=\"0 0 12 12\">\n\t\t\t\t<path fill=\"#fff\" d=\"M2 0a2 2 0 0 0-2 2v2h1.5V2a.5.5 0 0 1 .5-.5h2V0H2Zm2 10.5H2a.5.5 0 0 1-.5-.5V8H0v2a2 2 0 0 0 2 2h2v-1.5ZM8 12v-1.5h2a.5.5 0 0 0 .5-.5V8H12v2a2 2 0 0 1-2 2H8Zm2-12a2 2 0 0 1 2 2v2h-1.5V2a.5.5 0 0 0-.5-.5H8V0h2Z\" \/>\n\t\t\t<\/svg>\n\t\t<\/button><\/figure>\n\n\n\n<figure data-wp-context=\"{&quot;imageId&quot;:&quot;69f5ce58d8669&quot;}\" data-wp-interactive=\"core\/image\" data-wp-key=\"69f5ce58d8669\" class=\"wp-block-image size-large wp-lightbox-container\"><img decoding=\"async\" data-wp-class--hide=\"state.isContentHidden\" data-wp-class--show=\"state.isContentVisible\" data-wp-init=\"callbacks.setButtonStyles\" data-wp-on--click=\"actions.showLightbox\" data-wp-on--load=\"callbacks.setButtonStyles\" data-wp-on-window--resize=\"callbacks.setButtonStyles\" src=\"https:\/\/fanfaredemainvault.be\/wp-content\/uploads\/2024\/09\/Clown03.png\" alt=\"\"\/><button\n\t\t\tclass=\"lightbox-trigger\"\n\t\t\ttype=\"button\"\n\t\t\taria-haspopup=\"dialog\"\n\t\t\taria-label=\"Agrandir\"\n\t\t\tdata-wp-init=\"callbacks.initTriggerButton\"\n\t\t\tdata-wp-on--click=\"actions.showLightbox\"\n\t\t\tdata-wp-style--right=\"state.imageButtonRight\"\n\t\t\tdata-wp-style--top=\"state.imageButtonTop\"\n\t\t>\n\t\t\t<svg xmlns=\"http:\/\/www.w3.org\/2000\/svg\" width=\"12\" height=\"12\" fill=\"none\" viewBox=\"0 0 12 12\">\n\t\t\t\t<path fill=\"#fff\" d=\"M2 0a2 2 0 0 0-2 2v2h1.5V2a.5.5 0 0 1 .5-.5h2V0H2Zm2 10.5H2a.5.5 0 0 1-.5-.5V8H0v2a2 2 0 0 0 2 2h2v-1.5ZM8 12v-1.5h2a.5.5 0 0 0 .5-.5V8H12v2a2 2 0 0 1-2 2H8Zm2-12a2 2 0 0 1 2 2v2h-1.5V2a.5.5 0 0 0-.5-.5H8V0h2Z\" \/>\n\t\t\t<\/svg>\n\t\t<\/button><\/figure>\n\n\n\n<figure data-wp-context=\"{&quot;imageId&quot;:&quot;69f5ce58d873f&quot;}\" data-wp-interactive=\"core\/image\" data-wp-key=\"69f5ce58d873f\" class=\"wp-block-image size-large wp-lightbox-container\"><img decoding=\"async\" data-wp-class--hide=\"state.isContentHidden\" data-wp-class--show=\"state.isContentVisible\" data-wp-init=\"callbacks.setButtonStyles\" data-wp-on--click=\"actions.showLightbox\" data-wp-on--load=\"callbacks.setButtonStyles\" data-wp-on-window--resize=\"callbacks.setButtonStyles\" src=\"https:\/\/fanfaredemainvault.be\/wp-content\/uploads\/2024\/09\/Orbilys30.jpg\" alt=\"\"\/><button\n\t\t\tclass=\"lightbox-trigger\"\n\t\t\ttype=\"button\"\n\t\t\taria-haspopup=\"dialog\"\n\t\t\taria-label=\"Agrandir\"\n\t\t\tdata-wp-init=\"callbacks.initTriggerButton\"\n\t\t\tdata-wp-on--click=\"actions.showLightbox\"\n\t\t\tdata-wp-style--right=\"state.imageButtonRight\"\n\t\t\tdata-wp-style--top=\"state.imageButtonTop\"\n\t\t>\n\t\t\t<svg xmlns=\"http:\/\/www.w3.org\/2000\/svg\" width=\"12\" height=\"12\" fill=\"none\" viewBox=\"0 0 12 12\">\n\t\t\t\t<path fill=\"#fff\" d=\"M2 0a2 2 0 0 0-2 2v2h1.5V2a.5.5 0 0 1 .5-.5h2V0H2Zm2 10.5H2a.5.5 0 0 1-.5-.5V8H0v2a2 2 0 0 0 2 2h2v-1.5ZM8 12v-1.5h2a.5.5 0 0 0 .5-.5V8H12v2a2 2 0 0 1-2 2H8Zm2-12a2 2 0 0 1 2 2v2h-1.5V2a.5.5 0 0 0-.5-.5H8V0h2Z\" \/>\n\t\t\t<\/svg>\n\t\t<\/button><\/figure>\n\n\n\n<figure data-wp-context=\"{&quot;imageId&quot;:&quot;69f5ce58d8818&quot;}\" data-wp-interactive=\"core\/image\" data-wp-key=\"69f5ce58d8818\" class=\"wp-block-image size-large wp-lightbox-container\"><img decoding=\"async\" data-wp-class--hide=\"state.isContentHidden\" data-wp-class--show=\"state.isContentVisible\" data-wp-init=\"callbacks.setButtonStyles\" data-wp-on--click=\"actions.showLightbox\" data-wp-on--load=\"callbacks.setButtonStyles\" data-wp-on-window--resize=\"callbacks.setButtonStyles\" src=\"https:\/\/fanfaredemainvault.be\/wp-content\/uploads\/2024\/09\/Marcheur52.jpg\" alt=\"\"\/><button\n\t\t\tclass=\"lightbox-trigger\"\n\t\t\ttype=\"button\"\n\t\t\taria-haspopup=\"dialog\"\n\t\t\taria-label=\"Agrandir\"\n\t\t\tdata-wp-init=\"callbacks.initTriggerButton\"\n\t\t\tdata-wp-on--click=\"actions.showLightbox\"\n\t\t\tdata-wp-style--right=\"state.imageButtonRight\"\n\t\t\tdata-wp-style--top=\"state.imageButtonTop\"\n\t\t>\n\t\t\t<svg xmlns=\"http:\/\/www.w3.org\/2000\/svg\" width=\"12\" height=\"12\" fill=\"none\" viewBox=\"0 0 12 12\">\n\t\t\t\t<path fill=\"#fff\" d=\"M2 0a2 2 0 0 0-2 2v2h1.5V2a.5.5 0 0 1 .5-.5h2V0H2Zm2 10.5H2a.5.5 0 0 1-.5-.5V8H0v2a2 2 0 0 0 2 2h2v-1.5ZM8 12v-1.5h2a.5.5 0 0 0 .5-.5V8H12v2a2 2 0 0 1-2 2H8Zm2-12a2 2 0 0 1 2 2v2h-1.5V2a.5.5 0 0 0-.5-.5H8V0h2Z\" \/>\n\t\t\t<\/svg>\n\t\t<\/button><\/figure>\n\n\n\n<figure data-wp-context=\"{&quot;imageId&quot;:&quot;69f5ce58d88ea&quot;}\" data-wp-interactive=\"core\/image\" data-wp-key=\"69f5ce58d88ea\" class=\"wp-block-image size-large wp-lightbox-container\"><img decoding=\"async\" data-wp-class--hide=\"state.isContentHidden\" data-wp-class--show=\"state.isContentVisible\" data-wp-init=\"callbacks.setButtonStyles\" data-wp-on--click=\"actions.showLightbox\" data-wp-on--load=\"callbacks.setButtonStyles\" data-wp-on-window--resize=\"callbacks.setButtonStyles\" src=\"https:\/\/fanfaredemainvault.be\/wp-content\/uploads\/2024\/09\/Marcheur10.jpg\" alt=\"\"\/><button\n\t\t\tclass=\"lightbox-trigger\"\n\t\t\ttype=\"button\"\n\t\t\taria-haspopup=\"dialog\"\n\t\t\taria-label=\"Agrandir\"\n\t\t\tdata-wp-init=\"callbacks.initTriggerButton\"\n\t\t\tdata-wp-on--click=\"actions.showLightbox\"\n\t\t\tdata-wp-style--right=\"state.imageButtonRight\"\n\t\t\tdata-wp-style--top=\"state.imageButtonTop\"\n\t\t>\n\t\t\t<svg xmlns=\"http:\/\/www.w3.org\/2000\/svg\" width=\"12\" height=\"12\" fill=\"none\" viewBox=\"0 0 12 12\">\n\t\t\t\t<path fill=\"#fff\" d=\"M2 0a2 2 0 0 0-2 2v2h1.5V2a.5.5 0 0 1 .5-.5h2V0H2Zm2 10.5H2a.5.5 0 0 1-.5-.5V8H0v2a2 2 0 0 0 2 2h2v-1.5ZM8 12v-1.5h2a.5.5 0 0 0 .5-.5V8H12v2a2 2 0 0 1-2 2H8Zm2-12a2 2 0 0 1 2 2v2h-1.5V2a.5.5 0 0 0-.5-.5H8V0h2Z\" \/>\n\t\t\t<\/svg>\n\t\t<\/button><\/figure>\n\n\n\n<figure data-wp-context=\"{&quot;imageId&quot;:&quot;69f5ce58d89bb&quot;}\" data-wp-interactive=\"core\/image\" data-wp-key=\"69f5ce58d89bb\" class=\"wp-block-image size-large wp-lightbox-container\"><img decoding=\"async\" data-wp-class--hide=\"state.isContentHidden\" data-wp-class--show=\"state.isContentVisible\" data-wp-init=\"callbacks.setButtonStyles\" data-wp-on--click=\"actions.showLightbox\" data-wp-on--load=\"callbacks.setButtonStyles\" data-wp-on-window--resize=\"callbacks.setButtonStyles\" src=\"https:\/\/fanfaredemainvault.be\/wp-content\/uploads\/2024\/09\/Marcheur37.jpg\" alt=\"\"\/><button\n\t\t\tclass=\"lightbox-trigger\"\n\t\t\ttype=\"button\"\n\t\t\taria-haspopup=\"dialog\"\n\t\t\taria-label=\"Agrandir\"\n\t\t\tdata-wp-init=\"callbacks.initTriggerButton\"\n\t\t\tdata-wp-on--click=\"actions.showLightbox\"\n\t\t\tdata-wp-style--right=\"state.imageButtonRight\"\n\t\t\tdata-wp-style--top=\"state.imageButtonTop\"\n\t\t>\n\t\t\t<svg xmlns=\"http:\/\/www.w3.org\/2000\/svg\" width=\"12\" height=\"12\" fill=\"none\" viewBox=\"0 0 12 12\">\n\t\t\t\t<path fill=\"#fff\" d=\"M2 0a2 2 0 0 0-2 2v2h1.5V2a.5.5 0 0 1 .5-.5h2V0H2Zm2 10.5H2a.5.5 0 0 1-.5-.5V8H0v2a2 2 0 0 0 2 2h2v-1.5ZM8 12v-1.5h2a.5.5 0 0 0 .5-.5V8H12v2a2 2 0 0 1-2 2H8Zm2-12a2 2 0 0 1 2 2v2h-1.5V2a.5.5 0 0 0-.5-.5H8V0h2Z\" \/>\n\t\t\t<\/svg>\n\t\t<\/button><\/figure>\n\n\n\n<figure data-wp-context=\"{&quot;imageId&quot;:&quot;69f5ce58d8a8a&quot;}\" data-wp-interactive=\"core\/image\" data-wp-key=\"69f5ce58d8a8a\" class=\"wp-block-image size-large wp-lightbox-container\"><img decoding=\"async\" data-wp-class--hide=\"state.isContentHidden\" data-wp-class--show=\"state.isContentVisible\" data-wp-init=\"callbacks.setButtonStyles\" data-wp-on--click=\"actions.showLightbox\" data-wp-on--load=\"callbacks.setButtonStyles\" data-wp-on-window--resize=\"callbacks.setButtonStyles\" src=\"https:\/\/fanfaredemainvault.be\/wp-content\/uploads\/2024\/09\/Orbilys39.jpg\" alt=\"\"\/><button\n\t\t\tclass=\"lightbox-trigger\"\n\t\t\ttype=\"button\"\n\t\t\taria-haspopup=\"dialog\"\n\t\t\taria-label=\"Agrandir\"\n\t\t\tdata-wp-init=\"callbacks.initTriggerButton\"\n\t\t\tdata-wp-on--click=\"actions.showLightbox\"\n\t\t\tdata-wp-style--right=\"state.imageButtonRight\"\n\t\t\tdata-wp-style--top=\"state.imageButtonTop\"\n\t\t>\n\t\t\t<svg xmlns=\"http:\/\/www.w3.org\/2000\/svg\" width=\"12\" height=\"12\" fill=\"none\" viewBox=\"0 0 12 12\">\n\t\t\t\t<path fill=\"#fff\" d=\"M2 0a2 2 0 0 0-2 2v2h1.5V2a.5.5 0 0 1 .5-.5h2V0H2Zm2 10.5H2a.5.5 0 0 1-.5-.5V8H0v2a2 2 0 0 0 2 2h2v-1.5ZM8 12v-1.5h2a.5.5 0 0 0 .5-.5V8H12v2a2 2 0 0 1-2 2H8Zm2-12a2 2 0 0 1 2 2v2h-1.5V2a.5.5 0 0 0-.5-.5H8V0h2Z\" \/>\n\t\t\t<\/svg>\n\t\t<\/button><\/figure>\n<\/figure>\n\n\n\n<p><\/p>\n\n\n\n<div class=\"wp-block-buttons has-custom-font-size has-medium-font-size is-content-justification-center is-layout-flex wp-container-core-buttons-is-layout-16018d1d wp-block-buttons-is-layout-flex\">\n<div class=\"wp-block-button\"><a class=\"wp-block-button__link has-black-color has-text-color has-background has-link-color wp-element-button\" href=\"http:\/\/marchedelhorreur.be\/index.php\/gallerie\/\" style=\"background-color:#f57f00\">En voir plus<\/a><\/div>\n<\/div>\n","protected":false},"excerpt":{"rendered":"<p>La Fanfare Royale Sainte-C\u00e9cile de Bouvignies-Mainvault organise une marche de l&rsquo;horreur tous les deux ans (ann\u00e9es paires). Celle-ci se d\u00e9roule le deuxi\u00e8me samedi du mois d&rsquo;octobre. Pour cette l&rsquo;occasion, des &#8230;<\/p>\n","protected":false},"author":1,"featured_media":0,"parent":0,"menu_order":0,"comment_status":"closed","ping_status":"closed","template":"template-fullwidth.php","meta":{"footnotes":""},"class_list":["post-1445","page","type-page","status-publish","hentry"],"_links":{"self":[{"href":"https:\/\/fanfaredemainvault.be\/index.php\/wp-json\/wp\/v2\/pages\/1445","targetHints":{"allow":["GET"]}}],"collection":[{"href":"https:\/\/fanfaredemainvault.be\/index.php\/wp-json\/wp\/v2\/pages"}],"about":[{"href":"https:\/\/fanfaredemainvault.be\/index.php\/wp-json\/wp\/v2\/types\/page"}],"author":[{"embeddable":true,"href":"https:\/\/fanfaredemainvault.be\/index.php\/wp-json\/wp\/v2\/users\/1"}],"replies":[{"embeddable":true,"href":"https:\/\/fanfaredemainvault.be\/index.php\/wp-json\/wp\/v2\/comments?post=1445"}],"version-history":[{"count":21,"href":"https:\/\/fanfaredemainvault.be\/index.php\/wp-json\/wp\/v2\/pages\/1445\/revisions"}],"predecessor-version":[{"id":2340,"href":"https:\/\/fanfaredemainvault.be\/index.php\/wp-json\/wp\/v2\/pages\/1445\/revisions\/2340"}],"wp:attachment":[{"href":"https:\/\/fanfaredemainvault.be\/index.php\/wp-json\/wp\/v2\/media?parent=1445"}],"curies":[{"name":"wp","href":"https:\/\/api.w.org\/{rel}","templated":true}]}}